{"id":903,"date":"2021-02-16T20:22:51","date_gmt":"2021-02-16T20:22:51","guid":{"rendered":"https:\/\/clujguidedtours.ro\/?page_id=903"},"modified":"2024-05-15T11:31:35","modified_gmt":"2024-05-15T11:31:35","slug":"35-2","status":"publish","type":"page","link":"https:\/\/clujguidedtours.ro\/es_ES\/35-2\/","title":{"rendered":"3,5%"},"content":{"rendered":"\r\n<h3 class=\"wp-block-heading\">Ne pute\u021bi sus\u021bine activitatea redirec\u021bion\u00e2nd 3,5% din impozitul pe venit prin completarea formularului 230.<\/h3>\r\n\r\n\r\n\r\n<h4 class=\"wp-block-heading\">De ce este important acest formular?<\/h4>\r\n\r\n\r\n\r\n<p><strong>Pentru tine:<\/strong><\/p>\r\n\r\n\r\n\r\n<ul>\r\n<li>\u00ce\u021bi vei aduce aportul \u00een activitatea unei asocia\u021bii;<\/li>\r\n<li>Vei sprijini tinerii \u00een dezvoltarea lor profesional\u0103;<\/li>\r\n<li>Vei sprijini turismul clujean.<\/li>\r\n<\/ul>\r\n\r\n\r\n\r\n<p><strong>Pentru noi \u00eenseamn\u0103 suport \u0219i energie pentru a dezvolta noi \u0219i noi proiecte pentru<\/strong>:<\/p>\r\n\r\n\r\n\r\n<ul>\r\n<li>Tinerii care \u00ee\u0219i doresc o carier\u0103 de ghid de turism;<\/li>\r\n<li>Comunitatea \u0219i turismul clujean;<\/li>\r\n<li>Sustenabilitate.<\/li>\r\n<\/ul>\r\n\r\n\r\n\r\n<h4 class=\"wp-block-heading\">Ce\u00a0trebuie s\u0103\u00a0face\u021bi?<\/h4>\r\n\r\n\r\n\r\n<p><strong>Pasul 1:<\/strong>\u00a0Desc\u0103rca\u021bi <a href=\"https:\/\/clujguidedtours.ro\/wp-content\/uploads\/2024\/05\/Formular-230-2023-CGT.pdf\" target=\"_blank\" rel=\"noreferrer noopener\" aria-label=\"FORMULARUL 230 (opens in a new tab)\">FORMULARUL 230<\/a><strong>.<\/strong><\/p>\r\n\r\n\r\n\r\n<p><strong>Pasul 2:<\/strong>\u00a0Completa\u021bi datele pe formular \u00een func\u021bie de sursa dumneavoastr\u0103\u00a0de venit:<\/p>\r\n\r\n\r\n\r\n<ul>\r\n<li>Dac\u0103 sunte\u021bi salariat sau pensionar, la\u00a0punctul\u00a0I v\u0103 trece\u021bi datele dvs. de identificare, iar punctul II este deja completat cu datele organiza\u021biei noastre. Este esen\u021bial s\u0103 semna\u021bi \u00een partea de jos a paginii. Este \u00een regul\u0103 dac\u0103\u00a0nu cunoa\u0219te\u021bi suma corespunz\u0103toare a 3,5% din impozit, aceasta va\u00a0fi calculat\u0103\u00a0de c\u0103tre organele fiscale. Pute\u021bi l\u0103sa c\u0103su\u021ba necompletat\u0103.\u00a0<\/li>\r\n<li>Dac\u0103\u00a0ave\u021bi venituri din alte surse (cedarea folosin\u021bei bunurilor, drepturi de autor, etc.), pute\u021bi completa punctul III din declara\u021bia 200. V\u0103\u00a0rug\u0103m s\u0103\u00a0completa\u021bi cu aten\u021bie toate datele, inclusiv datele organiza\u021biei: nume, cod fiscal \u0219i cont bancar, \u00een format IBAN, cu 24 de cifre.<\/li>\r\n<\/ul>\r\n\r\n\r\n\r\n<p><strong>Pasul 3:<\/strong>\u00a0Depunerea formularului 230 se poate face \u00een urm\u0103toarele moduri:<\/p>\r\n\r\n\r\n\r\n<ul>\r\n<li>Trimis prin po\u0219t\u0103\u00a0la sediul administra\u021biei financiare de care apar\u021bine\u021bi;<\/li>\r\n<li>Depus personal la sediul administra\u021biei financiare de care apar\u021bine\u021bi;<\/li>\r\n<li>Ne pute\u021bi contacta pe noi s\u0103 depunem formularul pentru dvs.<\/li>\r\n<\/ul>\r\n\r\n\r\n\r\n<figure class=\"wp-block-embed-pdf-viewer-pdf wp-block-embed-pdf-viewer-pdf__content-wrapper aligncenter\"><object class=\"embed-pdf-viewer\" title=\"\" data=\"https:\/\/clujguidedtours.ro\/wp-content\/uploads\/2024\/05\/Formular-230-2023-CGT.pdf#scrollbar=1&#038;toolbar=1\" type=\"application\/pdf\" width=\"600\" height=\"600\"><\/object><iframe loading=\"lazy\" class=\"embed-pdf-viewer\" title=\"\" src=\"https:\/\/docs.google.com\/viewer?url=https%3A%2F%2Fclujguidedtours.ro%2Fwp-content%2Fuploads%2F2024%2F05%2FFormular-230-2023-CGT.pdf&#038;embedded=true\" width=\"600\" height=\"600\" frameborder=\"0\"><\/iframe><\/figure>\r\n","protected":false},"excerpt":{"rendered":"<p>Ne pute\u021bi sus\u021bine activitatea redirec\u021bion\u00e2nd 3,5% din impozitul pe venit prin completarea formularului 230. De ce este important acest formular? &#8230;<\/p>\n","protected":false},"author":4,"featured_media":0,"parent":0,"menu_order":2,"comment_status":"closed","ping_status":"closed","template":"","meta":[],"_links":{"self":[{"href":"https:\/\/clujguidedtours.ro\/es_ES\/wp-json\/wp\/v2\/pages\/903"}],"collection":[{"href":"https:\/\/clujguidedtours.ro\/es_ES\/wp-json\/wp\/v2\/pages"}],"about":[{"href":"https:\/\/clujguidedtours.ro\/es_ES\/wp-json\/wp\/v2\/types\/page"}],"author":[{"embeddable":true,"href":"https:\/\/clujguidedtours.ro\/es_ES\/wp-json\/wp\/v2\/users\/4"}],"replies":[{"embeddable":true,"href":"https:\/\/clujguidedtours.ro\/es_ES\/wp-json\/wp\/v2\/comments?post=903"}],"version-history":[{"count":19,"href":"https:\/\/clujguidedtours.ro\/es_ES\/wp-json\/wp\/v2\/pages\/903\/revisions"}],"predecessor-version":[{"id":1327,"href":"https:\/\/clujguidedtours.ro\/es_ES\/wp-json\/wp\/v2\/pages\/903\/revisions\/1327"}],"wp:attachment":[{"href":"https:\/\/clujguidedtours.ro\/es_ES\/wp-json\/wp\/v2\/media?parent=903"}],"curies":[{"name":"wp","href":"https:\/\/api.w.org\/{rel}","templated":true}]}}