{"id":682,"date":"2020-04-12T11:11:58","date_gmt":"2020-04-12T11:11:58","guid":{"rendered":"https:\/\/clujguidedtours.ro\/?page_id=682"},"modified":"2024-02-14T17:39:11","modified_gmt":"2024-02-14T17:39:11","slug":"city-tours","status":"publish","type":"page","link":"https:\/\/clujguidedtours.ro\/es_ES\/tours\/city-tours\/","title":{"rendered":"Tours por la ciudad"},"content":{"rendered":"\r\n<div class=\"wp-block-media-text alignwide is-stacked-on-mobile\">\r\n<figure class=\"wp-block-media-text__media\"><img decoding=\"async\" loading=\"lazy\" width=\"1024\" height=\"768\" class=\"wp-image-1166 size-full\" src=\"https:\/\/clujguidedtours.ro\/wp-content\/uploads\/2024\/01\/Cluj-Eroilor-1024x768.jpeg\" alt=\"\" srcset=\"https:\/\/clujguidedtours.ro\/wp-content\/uploads\/2024\/01\/Cluj-Eroilor-1024x768.jpeg 1024w, https:\/\/clujguidedtours.ro\/wp-content\/uploads\/2024\/01\/Cluj-Eroilor-300x225.jpeg 300w, https:\/\/clujguidedtours.ro\/wp-content\/uploads\/2024\/01\/Cluj-Eroilor-768x576.jpeg 768w\" sizes=\"(max-width: 1024px) 100vw, 1024px\" \/><\/figure>\r\n<div class=\"wp-block-media-text__content\">\r\n<p style=\"font-size: 18px;\">La visita guiada por el centro hist\u00f3rico de Cluj-Napoca es una invitaci\u00f3n para descubrir la historia del \u2018coraz\u00f3n\u2019 de Transilvania, para explorar su pasado fascinante y su hermosa arquitectura, a la vez con sus atracciones tur\u00edsticas m\u00e1s conocidas. Contando las historias y las leyendas que dan vida a la ciudad, recrearemos juntos el ambiente medieval de la antigua fortaleza.<\/p>\r\n<\/div>\r\n<\/div>\r\n\r\n\r\n\r\n<p style=\"font-size: 18px;\">Nuestro trayecto cubrir\u00e1 la historia de Cluj, conocida como \u2018Ciudad Tesoro\u2019 de Transilvania, desde la \u00e9poca romana hasta hoy en d\u00eda. Hablaremos sobre la evoluci\u00f3n de la ciudad, empezando con las ruinas de la antigua ciudad romana de Napoca, que se pueden ver en la Plaza de la Uni\u00f3n, y continuando con el asentamiento medieval que se nos revela en una plazuela donde, a distancia de casi un siglo, en dos casas vecinas, nacieron un gran rey y un gran pr\u00edncipe: Matia Corvino e Istvan Bocskai.<\/p>\r\n\r\n\r\n\r\n<p style=\"font-size: 18px;\">La ciudad medieval extendida y fortificada nos dir\u00e1 las historias de los palacios m\u00e1s bonitos, as\u00ed como las de las familias aristocr\u00e1ticas que los han construido o vivido en ellos (B\u00e1nffy, Rhedey, Josika, Wass y otras). Todos estos palacios rodean una impresionante iglesia en estilo g\u00f3tico, uno de los s\u00edmbolos arquitecturales y espirituales de la ciudad, dedicada al Santo Arc\u00e1ngel Miguel.<\/p>\r\n\r\n\r\n\r\n<p style=\"font-size: 18px;\">Las leyendas medievales nos llevan tambi\u00e9n a la rom\u00e1ntica y encantadora calle de Kogalniceanu, que cuenta con una historia de m\u00e1s de 5 siglos y sorprendentes edificios, construidos en varias \u00e9pocas: la Universidad, la Iglesia Reformista, Torre de los Sastres. M\u00e1s all\u00e1 del casco hist\u00f3rico, edificios con una arquitectura impresionante se nos revelan: el Teatro Nacional, la Catedral Ortodoxa y, a la vez, una importante p\u00e1gina de historia rumana en la Plaza de Avram Iancu \u2013 donde acaban las leyendas y empieza toda una nueva historia de la ciudad.<\/p>\r\n","protected":false},"excerpt":{"rendered":"<p>&lt;img src=&quot;https:\/\/clujguidedtours.ro\/wp-content\/uploads\/2024\/01\/Cluj-Eroilor-1024&#215;7&#8230;<\/p>\n","protected":false},"author":1,"featured_media":0,"parent":270,"menu_order":0,"comment_status":"closed","ping_status":"closed","template":"","meta":[],"_links":{"self":[{"href":"https:\/\/clujguidedtours.ro\/es_ES\/wp-json\/wp\/v2\/pages\/682"}],"collection":[{"href":"https:\/\/clujguidedtours.ro\/es_ES\/wp-json\/wp\/v2\/pages"}],"about":[{"href":"https:\/\/clujguidedtours.ro\/es_ES\/wp-json\/wp\/v2\/types\/page"}],"author":[{"embeddable":true,"href":"https:\/\/clujguidedtours.ro\/es_ES\/wp-json\/wp\/v2\/users\/1"}],"replies":[{"embeddable":true,"href":"https:\/\/clujguidedtours.ro\/es_ES\/wp-json\/wp\/v2\/comments?post=682"}],"version-history":[{"count":23,"href":"https:\/\/clujguidedtours.ro\/es_ES\/wp-json\/wp\/v2\/pages\/682\/revisions"}],"predecessor-version":[{"id":1314,"href":"https:\/\/clujguidedtours.ro\/es_ES\/wp-json\/wp\/v2\/pages\/682\/revisions\/1314"}],"up":[{"embeddable":true,"href":"https:\/\/clujguidedtours.ro\/es_ES\/wp-json\/wp\/v2\/pages\/270"}],"wp:attachment":[{"href":"https:\/\/clujguidedtours.ro\/es_ES\/wp-json\/wp\/v2\/media?parent=682"}],"curies":[{"name":"wp","href":"https:\/\/api.w.org\/{rel}","templated":true}]}}