{"id":319,"date":"2015-09-15T08:41:33","date_gmt":"2015-09-15T08:41:33","guid":{"rendered":"http:\/\/clujguidedtours.ro\/?page_id=319"},"modified":"2024-01-27T18:58:43","modified_gmt":"2024-01-27T18:58:43","slug":"about-us","status":"publish","type":"page","link":"https:\/\/clujguidedtours.ro\/es_ES\/about-us\/","title":{"rendered":"Acerca de nosotros"},"content":{"rendered":"<h4>Aunque la idea de CGT apareci\u00f3 en le 2008, la asociaci\u00f3n se ha consolidado hace unos cinco a\u00f1os, en Diciembre del 2013 el d\u00eda en el que por estas tierras se celebra San Nicolas, que no es otra cosa que la variante local de los Reyes Magos, si tuvieramos que presumir pod\u00edamos decir que aparecimos como un regalo!<\/h4>\n<h4>Empezamos por hacer turs guiados gratuitos, turs de ciudad y alrededores porque nuestra ciudad merece beneficiarse de este tipo de servicio. De esta manera pod\u00edamos demostrar que el oficio de gu\u00eda tiene mucho peso a la hora de promover nuestro pa\u00eds. Nuestro papel de \u00a8cuentista \u00a8 en el Libro de cuentos de Cluj, ha empezado timidamente, con unos pocos gu\u00edas con acreditaci\u00f3n oficial pero con mucha alegr\u00eda. Esta alegr\u00eda hemos intentado transmitirla a todos los que quisieran saber por que Cluj est\u00e1 entre las ciudades m\u00e1s preciadas de Transilvania.<\/h4>\n<h4>Despu\u00e9s de los primeros pasos, a medida de que el tiempo pasa y la experiencia se va acumulando, crecemos juntos. Hoy en d\u00eda llegamos a m\u00e1s de 20 gu\u00edas de turismo acreditados y otros tantos en proceso formaci\u00f3n. Todos vibramos con la misma alegr\u00eda y deseamos compartirla con todos los que nos visitan.<\/h4>\n<h3><strong>Qu\u00e9 es CLUJ GUIDED TOURS?<\/strong><\/h3>\n<h4>CLUJ GUIDED TOURS es una asociaci\u00f3n sin animo de lucro que desarolla su actividas en tres direcciones:<\/h4>\n<h4>\u2022 Damos a conocer y promovemos el patrimonio turist\u00edco en la comunidad local a trav\u00e9s de la actividad de gu\u00eda y animaci\u00f3n tur\u00edstica;<\/h4>\n<h4>\u2022 Hacemos visible y entendible la importancia del patrimonio tur\u00edstico para los turistas rumanos y extranjeros a trav\u00e9s de la activiadad de gu\u00eda y animaci\u00f3n tur\u00edstica profesional y de calidad;<\/h4>\n<h4>\u2022 Preparamos de manera practica recursos humanos competitivos para la actividad de gu\u00eda y animaci\u00f3n tur\u00edstica a trav\u00e9s de la organizaci\u00f3n de un servicio coordinado de instrucci\u00f3n, preparaci\u00f3n y pr\u00e1ctica.<\/h4>\n<h3><strong>Que hace CLUJ GUIDED TOURS?<\/strong><\/h3>\n<h4>\u2022 Tours guiados gratuitos en ingl\u00e9s;<\/h4>\n<h4>\u2022 Tours guiados en colaboraci\u00f3n con grandes ag\u00e9ncias de viajes tanto del interior como del extranjero o a solicitud de varias instituciones , asociaciones, agencias organizadoras de eventos y personas particulares;<\/h4>\n<h4>\u2022 Tours tematicos para eventos organizados ;<\/h4>\n<h4>\u2022 La organizaci\u00f3n de eventos para promover tur\u00edsticamente algunos destinos;<\/h4>\n<h4>\u2022 Ejercemos la actividad de gu\u00eda de turismo con prop\u00f3sito educativo y adaptado a escuelas primarias, secundarias, colegios, instituciones y personas con minusval\u00edas.<\/h4>\n<h4>\u2022 Experimentamos , somos voluntariosos, somos un equipo, tenemos proyectos.<\/h4>\n<h4>Nuestros tours son principalmente en rumano e ingl\u00e9s pero tambi\u00e9n los hacemos en otros idiomas de circulaci\u00f3n: espa\u00f1ol, franc\u00e9s, alem\u00e1n, italiano y h\u00fangaro.<\/h4>\n<h4>Estamos abiertos a colaborar con agencias de viaje ya sean de aqu\u00ed o de fuera de las fronteras nacionales, y tambi\u00e9n con las diversas instituciones, asociaciones, organizaciones, unidades de alojamiento, agencias organizadoras de eventos y personas particulares.<\/h4>\n","protected":false},"excerpt":{"rendered":"<h4>Aunque la idea de CGT apareci\u00f3 en le 2008, la asociaci\u00f3n se ha consolidado hace unos cinco a\u00f1os, en Diciembre del 2013 el d\u00eda en el que por estas tierras se celebra San Nicolas, que no es otra cosa que la variante local de los Reyes Magos, si tuv&#8230;<\/p>\n","protected":false},"author":1,"featured_media":0,"parent":0,"menu_order":0,"comment_status":"open","ping_status":"open","template":"","meta":[],"_links":{"self":[{"href":"https:\/\/clujguidedtours.ro\/es_ES\/wp-json\/wp\/v2\/pages\/319"}],"collection":[{"href":"https:\/\/clujguidedtours.ro\/es_ES\/wp-json\/wp\/v2\/pages"}],"about":[{"href":"https:\/\/clujguidedtours.ro\/es_ES\/wp-json\/wp\/v2\/types\/page"}],"author":[{"embeddable":true,"href":"https:\/\/clujguidedtours.ro\/es_ES\/wp-json\/wp\/v2\/users\/1"}],"replies":[{"embeddable":true,"href":"https:\/\/clujguidedtours.ro\/es_ES\/wp-json\/wp\/v2\/comments?post=319"}],"version-history":[{"count":40,"href":"https:\/\/clujguidedtours.ro\/es_ES\/wp-json\/wp\/v2\/pages\/319\/revisions"}],"predecessor-version":[{"id":1211,"href":"https:\/\/clujguidedtours.ro\/es_ES\/wp-json\/wp\/v2\/pages\/319\/revisions\/1211"}],"wp:attachment":[{"href":"https:\/\/clujguidedtours.ro\/es_ES\/wp-json\/wp\/v2\/media?parent=319"}],"curies":[{"name":"wp","href":"https:\/\/api.w.org\/{rel}","templated":true}]}}